{"id":943,"date":"2023-11-14T09:02:37","date_gmt":"2023-11-14T09:02:37","guid":{"rendered":"https:\/\/www.santosepolcro.com\/?page_id=943"},"modified":"2024-10-21T20:02:09","modified_gmt":"2024-10-21T18:02:09","slug":"ordo-sacri-sepulchri","status":"publish","type":"page","link":"https:\/\/www.santosepolcro.com\/?page_id=943","title":{"rendered":"L&#8217;ORDINE"},"content":{"rendered":"<p><div class=\"fusion-fullwidth fullwidth-box fusion-builder-row-1 fusion-flex-container has-pattern-background has-mask-background fusion-parallax-fixed hundred-percent-fullwidth non-hundred-percent-height-scrolling\" style=\"--awb-border-radius-top-left:0px;--awb-border-radius-top-right:0px;--awb-border-radius-bottom-right:0px;--awb-border-radius-bottom-left:0px;--awb-min-height:200px;--awb-background-image:url(&quot;https:\/\/www.santosepolcro.com\/wp-content\/uploads\/2023\/11\/DSC_0201-Cavalieri-battaglia-Seborga.jpg&quot;);--awb-background-size:cover;--awb-flex-wrap:wrap;background-attachment:fixed;\" ><div class=\"fusion-builder-row fusion-row fusion-flex-align-items-flex-start fusion-flex-content-wrap\" style=\"width:104% !important;max-width:104% !important;margin-left: calc(-4% \/ 2 );margin-right: calc(-4% \/ 2 );\"><div class=\"fusion-layout-column fusion_builder_column fusion-builder-column-0 fusion_builder_column_1_1 1_1 fusion-flex-column\" style=\"--awb-bg-size:cover;--awb-width-large:100%;--awb-margin-top-large:0px;--awb-spacing-right-large:1.92%;--awb-margin-bottom-large:20px;--awb-spacing-left-large:1.92%;--awb-width-medium:100%;--awb-order-medium:0;--awb-spacing-right-medium:1.92%;--awb-spacing-left-medium:1.92%;--awb-width-small:100%;--awb-order-small:0;--awb-spacing-right-small:1.92%;--awb-spacing-left-small:1.92%;\"><div class=\"fusion-column-wrapper fusion-column-has-shadow fusion-flex-justify-content-flex-start fusion-content-layout-column\"><\/div><\/div><\/div><\/div><div class=\"fusion-fullwidth fullwidth-box fusion-builder-row-2 fusion-flex-container has-pattern-background has-mask-background nonhundred-percent-fullwidth non-hundred-percent-height-scrolling\" style=\"--awb-border-radius-top-left:0px;--awb-border-radius-top-right:0px;--awb-border-radius-bottom-right:0px;--awb-border-radius-bottom-left:0px;--awb-flex-wrap:wrap;\" ><div class=\"fusion-builder-row fusion-row fusion-flex-align-items-flex-start fusion-flex-content-wrap\" style=\"max-width:1248px;margin-left: calc(-4% \/ 2 );margin-right: calc(-4% \/ 2 );\"><div class=\"fusion-layout-column fusion_builder_column fusion-builder-column-1 fusion_builder_column_1_1 1_1 fusion-flex-column\" style=\"--awb-bg-size:cover;--awb-width-large:100%;--awb-margin-top-large:0px;--awb-spacing-right-large:1.92%;--awb-margin-bottom-large:20px;--awb-spacing-left-large:1.92%;--awb-width-medium:100%;--awb-order-medium:0;--awb-spacing-right-medium:1.92%;--awb-spacing-left-medium:1.92%;--awb-width-small:100%;--awb-order-small:0;--awb-spacing-right-small:1.92%;--awb-spacing-left-small:1.92%;\"><div class=\"fusion-column-wrapper fusion-column-has-shadow fusion-flex-justify-content-flex-start fusion-content-layout-column\"><div class=\"fusion-title title fusion-title-1 fusion-sep-none fusion-title-text fusion-title-size-one\" style=\"--awb-margin-bottom:0px;\"><h1 class=\"fusion-title-heading title-heading-left\" style=\"margin:0;\"><h1 style=\"text-align: center;\">L&#8217;ORDINE<\/h1><\/h1><\/div><div class=\"fusion-title title fusion-title-2 fusion-sep-none fusion-title-center fusion-title-text fusion-title-size-two\" style=\"--awb-margin-top:3px;\"><h2 class=\"fusion-title-heading title-heading-center\" style=\"margin:0;\">I Cavalieri Bianchi di Seborga<\/h2><\/div><\/div><\/div><\/div><\/div><div class=\"fusion-fullwidth fullwidth-box fusion-builder-row-3 fusion-flex-container has-pattern-background has-mask-background nonhundred-percent-fullwidth non-hundred-percent-height-scrolling\" style=\"--awb-border-radius-top-left:0px;--awb-border-radius-top-right:0px;--awb-border-radius-bottom-right:0px;--awb-border-radius-bottom-left:0px;--awb-flex-wrap:wrap;\" ><div class=\"fusion-builder-row fusion-row fusion-flex-align-items-flex-start fusion-flex-content-wrap\" style=\"max-width:1248px;margin-left: calc(-4% \/ 2 );margin-right: calc(-4% \/ 2 );\"><div class=\"fusion-layout-column fusion_builder_column fusion-builder-column-2 fusion_builder_column_2_3 2_3 fusion-flex-column\" style=\"--awb-bg-size:cover;--awb-width-large:66.666666666667%;--awb-margin-top-large:0px;--awb-spacing-right-large:2.88%;--awb-margin-bottom-large:20px;--awb-spacing-left-large:2.88%;--awb-width-medium:66.666666666667%;--awb-order-medium:0;--awb-spacing-right-medium:2.88%;--awb-spacing-left-medium:2.88%;--awb-width-small:100%;--awb-order-small:0;--awb-spacing-right-small:1.92%;--awb-spacing-left-small:1.92%;\"><div class=\"fusion-column-wrapper fusion-column-has-shadow fusion-flex-justify-content-flex-start fusion-content-layout-column\"><div class=\"fusion-text fusion-text-1\"><p style=\"text-align: justify;\">Nei secoli la Cavalleria di Seborga ha avuto varie denominazioni. Da un primo <strong>Ordo Sancti Sepulchri (O.S.S.<\/strong>) si \u00e8 passati al <strong>Venerabilis Ordo Sancti Sepulchri (V.O.S.S.)<\/strong> e poi al <strong>Venerabilis Equester Ordo Sacri Principatus Sancti Sepulchri (V.E.O.S.P.S.S. ).\u00a0<\/strong><\/p>\n<p style=\"text-align: justify;\">Ci\u00f2 che accomuna tutte queste denominazioni, queste sigle \u00e8 che tutti fanno parte, costituiscono l&#8217;<strong>Ordine dei\u00a0<\/strong> <strong><em>Cavalieri Bianchi di Seborga. <\/em><\/strong><\/p>\n<p style=\"text-align: justify;\">Si tratta di una Istituzione Cavalleresca magistrale cio\u00e8 sovrana in quanto inserita nelle attivit\u00e0 del Principato di Seborga. Il titolo \u2018sovrano\u2019 non \u00e8 un abuso in quanto il Principato di Seborga \u00e8 stato a lungo un territorio sovrano, Ci\u00f2 \u00e8 quanto ci consegna la storia e numerosi documenti testimoniano. L&#8217;Ordine dei Cavalieri Bianchi di Seborga, idealmente erede di quella che un tempo fu la cavalleria monastica voluta da San Bernardo. Esso \u00e8 operante da secoli, perfettamente inserito nella tradizione cristiana romana. L&#8217;Ordine dei Cavalieri Bianchi non va confuso con associazioni no profit, onlus, ordini di derivazione massonica o quant\u2019altro di recente costituzione e operante al di fuori della linea di investitura tradizionale.<\/p>\n<p style=\"text-align: justify;\">.<\/p>\n<\/div><\/div><\/div><div class=\"fusion-layout-column fusion_builder_column fusion-builder-column-3 fusion_builder_column_1_3 1_3 fusion-flex-column fusion-flex-align-self-center\" style=\"--awb-bg-size:cover;--awb-width-large:33.333333333333%;--awb-margin-top-large:0px;--awb-spacing-right-large:5.76%;--awb-margin-bottom-large:20px;--awb-spacing-left-large:5.76%;--awb-width-medium:33.333333333333%;--awb-order-medium:0;--awb-spacing-right-medium:5.76%;--awb-spacing-left-medium:5.76%;--awb-width-small:100%;--awb-order-small:0;--awb-spacing-right-small:1.92%;--awb-spacing-left-small:1.92%;\" data-scroll-devices=\"small-visibility,medium-visibility,large-visibility\"><div class=\"fusion-column-wrapper fusion-column-has-shadow fusion-flex-justify-content-space-evenly fusion-content-layout-column\"><div class=\"fusion-image-element \" style=\"text-align:center;--awb-caption-title-font-family:var(--h2_typography-font-family);--awb-caption-title-font-weight:var(--h2_typography-font-weight);--awb-caption-title-font-style:var(--h2_typography-font-style);--awb-caption-title-size:var(--h2_typography-font-size);--awb-caption-title-transform:var(--h2_typography-text-transform);--awb-caption-title-line-height:var(--h2_typography-line-height);--awb-caption-title-letter-spacing:var(--h2_typography-letter-spacing);\"><span class=\" fusion-imageframe imageframe-none imageframe-1 hover-type-none\"><img decoding=\"async\" width=\"218\" height=\"188\" alt=\"cavaliere\" title=\"cavalieri4\" src=\"https:\/\/www.santosepolcro.com\/wp-content\/uploads\/2023\/11\/cavalieri4.jpg\" class=\"img-responsive wp-image-1031\" srcset=\"https:\/\/www.santosepolcro.com\/wp-content\/uploads\/2023\/11\/cavalieri4-200x172.jpg 200w, https:\/\/www.santosepolcro.com\/wp-content\/uploads\/2023\/11\/cavalieri4.jpg 218w\" sizes=\"(max-width: 640px) 100vw, 218px\" \/><\/span><\/div><\/div><\/div><div class=\"fusion-layout-column fusion_builder_column fusion-builder-column-4 fusion_builder_column_2_3 2_3 fusion-flex-column\" style=\"--awb-bg-size:cover;--awb-width-large:66.666666666667%;--awb-margin-top-large:0px;--awb-spacing-right-large:2.88%;--awb-margin-bottom-large:20px;--awb-spacing-left-large:2.88%;--awb-width-medium:66.666666666667%;--awb-order-medium:0;--awb-spacing-right-medium:2.88%;--awb-spacing-left-medium:2.88%;--awb-width-small:100%;--awb-order-small:0;--awb-spacing-right-small:1.92%;--awb-spacing-left-small:1.92%;\"><div class=\"fusion-column-wrapper fusion-column-has-shadow fusion-flex-justify-content-flex-start fusion-content-layout-column\"><div class=\"fusion-text fusion-text-2\"><p style=\"text-align: justify;\">La Fede, l\u2019Ordine, la Cavalleria, la Croce patente\u00a0 non possono essere brevettati. La Tradizione Cavalleresca seborghina poggia su sicure basi storiche e su comportamenti trasparenti. Essa \u00e8 ben nota agli studiosi in materia e non pu\u00f2 essere messa in discussione da chicchessia.<\/p>\n<p style=\"text-align: justify;\">La vita dell\u2019Ordine dei Cavalieri Bianchi \u00e8 sempre stata intrecciata con quella del Principato di Seborga di cui costituisce una componente indissolubile dall&#8217;importante valenza spirituale.<\/p>\n<\/div><\/div><\/div><div class=\"fusion-layout-column fusion_builder_column fusion-builder-column-5 fusion_builder_column_1_1 1_1 fusion-flex-column\" style=\"--awb-bg-size:cover;--awb-width-large:100%;--awb-margin-top-large:0px;--awb-spacing-right-large:1.92%;--awb-margin-bottom-large:20px;--awb-spacing-left-large:1.92%;--awb-width-medium:100%;--awb-order-medium:0;--awb-spacing-right-medium:1.92%;--awb-spacing-left-medium:1.92%;--awb-width-small:100%;--awb-order-small:0;--awb-spacing-right-small:1.92%;--awb-spacing-left-small:1.92%;\"><div class=\"fusion-column-wrapper fusion-column-has-shadow fusion-flex-justify-content-flex-start fusion-content-layout-column\"><div class=\"fusion-text fusion-text-3\"><p style=\"text-align: justify;\">La storia passata ci ricorda come i Gran Priori dell&#8217;Ordine siano stati pi\u00f9 volte nominati alla carica di Principe mentre in altre occasioni le due cariche, e cio\u00e8 quella di capo dell&#8217;ordine e di capo del principato, cio\u00e8 la carica spirituale e quella politica, siano state ricoperte da persone diverse, per varie ragioni contingenti. Una ragione si \u00e8 avuta quando il candidato Principe non era un Cavaliere. In altri casi la rinuncia alla carica di principe \u00e8 dipesa dal fatto che il Priore Generale non desiderasse occuparsi di cose governative e temporali.<\/p>\n<p style=\"text-align: justify;\">L\u2019Ordine prende il nome di \u201cSanto Sepolcro\u201d in quanto, anticamente, questa localit\u00e0 era denominata \u201cCastrum Sepulchri\u201d (cio\u00e8 Castello presso il\u00a0Sepolcro). Una lunga serie di documenti ecclesiali si riferiscono a Seborga come appunto al \u201csepulchrum\u201d\u00a0(sepolcro). Varie sono le ipotesi circa il motivo per cui questo paese \u00e8 stato\u00a0chiamato \u201csepulchrum\u201d.<\/p>\n<\/div><\/div><\/div><div class=\"fusion-layout-column fusion_builder_column fusion-builder-column-6 fusion_builder_column_2_3 2_3 fusion-flex-column\" style=\"--awb-bg-size:cover;--awb-width-large:66.666666666667%;--awb-margin-top-large:0px;--awb-spacing-right-large:2.88%;--awb-margin-bottom-large:20px;--awb-spacing-left-large:2.88%;--awb-width-medium:66.666666666667%;--awb-order-medium:0;--awb-spacing-right-medium:2.88%;--awb-spacing-left-medium:2.88%;--awb-width-small:100%;--awb-order-small:0;--awb-spacing-right-small:1.92%;--awb-spacing-left-small:1.92%;\"><div class=\"fusion-column-wrapper fusion-column-has-shadow fusion-flex-justify-content-flex-start fusion-content-layout-column\"><div class=\"fusion-text fusion-text-4\"><p style=\"text-align: justify;\">La Cavalleria<\/p>\n<p style=\"text-align: justify;\">I Cavalieri Bianchi di Seborga sono stati definiti nei secoli con varie sigle: O.S.S., V.O.S.S., V.E.O.S.P.S.S. Ci\u00f2 che importa \u00e8 che l&#8217;Ordine seborghino \u00e8 una istituzione sovrana di carattere cavalleresco. Nel medio evo, esso non faceva parte della cavalleria cosiddetta \u201cOspitaliera\u201d ma di quella \u201cCombattente\u201d. Oggi l\u2019Ordine, ovviamente, opera in una societ\u00e0 totalmente diversa da quella medievale. Oggi non \u00e8 richiesto ai Cavalieri di partire per le terre di oltremare. Non \u00e8 neppure richiesto di essere esperti nel maneggio delle armi. Noi continuiamo ad indossare, durante le cerimonie, il saio, il mantello, il cinturone e la spada. Ci\u00f2 non perch\u00e9 vogliamo guerreggiare con qualcuno ma per ricordare a noi stessi le nostre origini, le nostre radici e le ragioni per cui venne creato l&#8217;Ordine.<\/p>\n<p style=\"text-align: justify;\">I Cavalieri Bianchi di Seborga si rifanno alla regola della \u201c<em>Paupera Militia Christi<\/em>\u201d di Hugues de Payns secondo le intenzioni di San Bernard de Clairvaux. Oggi la militanza nell&#8217;ordine ha una valenza simbolica; l&#8217;investitura \u00e8 possibile anche agli individui che vogliano vivere comunque l\u2019esperienza della cavalleria spirituale. Le donne possono entrare a fare parte dell&#8217;Ordine come Dame.<\/p>\n<\/div><\/div><\/div><div class=\"fusion-layout-column fusion_builder_column fusion-builder-column-7 fusion_builder_column_1_3 1_3 fusion-flex-column fusion-flex-align-self-center\" style=\"--awb-bg-size:cover;--awb-width-large:33.333333333333%;--awb-margin-top-large:0px;--awb-spacing-right-large:5.76%;--awb-margin-bottom-large:20px;--awb-spacing-left-large:5.76%;--awb-width-medium:33.333333333333%;--awb-order-medium:0;--awb-spacing-right-medium:5.76%;--awb-spacing-left-medium:5.76%;--awb-width-small:100%;--awb-order-small:0;--awb-spacing-right-small:1.92%;--awb-spacing-left-small:1.92%;\" data-scroll-devices=\"small-visibility,medium-visibility,large-visibility\"><div class=\"fusion-column-wrapper fusion-column-has-shadow fusion-flex-justify-content-space-evenly fusion-content-layout-column\"><div class=\"fusion-image-element \" style=\"text-align:center;--awb-caption-title-font-family:var(--h2_typography-font-family);--awb-caption-title-font-weight:var(--h2_typography-font-weight);--awb-caption-title-font-style:var(--h2_typography-font-style);--awb-caption-title-size:var(--h2_typography-font-size);--awb-caption-title-transform:var(--h2_typography-text-transform);--awb-caption-title-line-height:var(--h2_typography-line-height);--awb-caption-title-letter-spacing:var(--h2_typography-letter-spacing);\"><span class=\" fusion-imageframe imageframe-none imageframe-2 hover-type-none\"><img decoding=\"async\" width=\"255\" height=\"268\" alt=\"Venerabilis Equester Ordo Sacri Principatus Sancti Sepulchri\" title=\"cavalieri-seborga\" src=\"https:\/\/www.santosepolcro.com\/wp-content\/uploads\/2023\/11\/cavalieri-seborga.jpg\" class=\"img-responsive wp-image-1032\" srcset=\"https:\/\/www.santosepolcro.com\/wp-content\/uploads\/2023\/11\/cavalieri-seborga-200x210.jpg 200w, https:\/\/www.santosepolcro.com\/wp-content\/uploads\/2023\/11\/cavalieri-seborga.jpg 255w\" sizes=\"(max-width: 640px) 100vw, 255px\" \/><\/span><\/div><\/div><\/div><div class=\"fusion-layout-column fusion_builder_column fusion-builder-column-8 fusion_builder_column_1_1 1_1 fusion-flex-column\" style=\"--awb-padding-top:5%;--awb-padding-right:10%;--awb-padding-bottom:5%;--awb-padding-left:10%;--awb-bg-size:cover;--awb-width-large:100%;--awb-margin-top-large:0px;--awb-spacing-right-large:1.92%;--awb-margin-bottom-large:20px;--awb-spacing-left-large:1.92%;--awb-width-medium:100%;--awb-order-medium:0;--awb-spacing-right-medium:1.92%;--awb-spacing-left-medium:1.92%;--awb-width-small:100%;--awb-order-small:0;--awb-spacing-right-small:1.92%;--awb-spacing-left-small:1.92%;\" data-scroll-devices=\"small-visibility,medium-visibility,large-visibility\"><div class=\"fusion-column-wrapper fusion-column-has-shadow fusion-flex-justify-content-flex-start fusion-content-layout-column\"><div class=\"fusion-text fusion-text-5\"><p style=\"text-align: justify;\">Una incrollabile fede in Cristo, la lealt\u00e0 verso il Papa che siede a Roma, ma anche una condotta di vita caratterizzata dalla umilt\u00e0, disciplina, obbedienza, carit\u00e0, abnegazione e fedelt\u00e0 sono requisiti necessari al fine di essere presi in considerazione per intraprendere la via dei Cavalieri Bianchi.<\/p>\n<p style=\"text-align: justify;\">Fare parte dell\u2019Ordine costituisce, nella nostra societ\u00e0 contemporanea relativista e materialista, scarsamente attenta ai problemi dello spirito, una scelta precisa di militanza attiva tra le forze della Luce.<\/p>\n<p style=\"text-align: justify;\">Non a caso i motti scelti dall\u2019attuale Priore Generale, Fra Diego Beltrutti di San Biagio, al momento della sua assunzione alla carica sono stati\u00a0 \u201cPer Xtum ad Lucem!\u201d (Raggiugiamo la Luce mediante Cristo) e &#8220;Testis Sum Agni (ono un Testimone dell&#8217;Agnello).<\/p>\n<\/div><\/div><\/div><div class=\"fusion-layout-column fusion_builder_column fusion-builder-column-9 fusion_builder_column_1_1 1_1 fusion-flex-column\" style=\"--awb-bg-size:cover;--awb-width-large:100%;--awb-margin-top-large:0px;--awb-spacing-right-large:1.92%;--awb-margin-bottom-large:20px;--awb-spacing-left-large:1.92%;--awb-width-medium:100%;--awb-order-medium:0;--awb-spacing-right-medium:1.92%;--awb-spacing-left-medium:1.92%;--awb-width-small:100%;--awb-order-small:0;--awb-spacing-right-small:1.92%;--awb-spacing-left-small:1.92%;\"><div class=\"fusion-column-wrapper fusion-column-has-shadow fusion-flex-justify-content-flex-start fusion-content-layout-column\"><div class=\"fusion-text fusion-text-6\"><p>La sede storica dell\u2019Ordine si trova nell\u2019antico Principato di Seborga (Via Antonio Maccario, 7 \u2013 18012 Seborga \/IM) mentre la Sede Generale per l\u2019Italia \u00e8 ubicata a Busca (Via Roberto d\u2019Azeglio, 3 \u2013 12022 Busca \/CN).<\/p>\n<p>Ulteriori informazioni possono essere reperite <a href=\"cancelleria.santosepolcro@gmail.com\">contattandoci<\/a><\/p>\n<\/div><\/div><\/div><\/div><\/div><\/p>\n","protected":false},"excerpt":{"rendered":"","protected":false},"author":1,"featured_media":0,"parent":0,"menu_order":0,"comment_status":"closed","ping_status":"closed","template":"100-width.php","meta":{"footnotes":""},"class_list":["post-943","page","type-page","status-publish","hentry"],"yoast_head":"<!-- This site is optimized with the Yoast SEO plugin v26.5 - https:\/\/yoast.com\/wordpress\/plugins\/seo\/ -->\n<title>Venerabilis Equester Ordo Sacri Principatus Sancti Sepulchri<\/title>\n<meta name=\"description\" content=\"Il\u00a0Venerabilis Equester Ordo Sacri Principatus Sancti Sepulchri, \u00e8 una Istituzione Cavalleresca magistrale erede della cavalleria monastica cistercense\" \/>\n<meta name=\"robots\" content=\"index, follow, max-snippet:-1, max-image-preview:large, max-video-preview:-1\" \/>\n<link rel=\"canonical\" href=\"https:\/\/www.santosepolcro.com\/?page_id=943\" \/>\n<meta property=\"og:locale\" content=\"it_IT\" \/>\n<meta property=\"og:type\" content=\"article\" \/>\n<meta property=\"og:title\" content=\"Venerabilis Equester Ordo Sacri Principatus Sancti Sepulchri\" \/>\n<meta property=\"og:description\" content=\"Il\u00a0Venerabilis Equester Ordo Sacri Principatus Sancti Sepulchri, \u00e8 una Istituzione Cavalleresca magistrale erede della cavalleria monastica cistercense\" \/>\n<meta property=\"og:url\" content=\"https:\/\/www.santosepolcro.com\/?page_id=943\" \/>\n<meta property=\"og:site_name\" content=\"Santo Sepolcro\" \/>\n<meta property=\"article:modified_time\" content=\"2024-10-21T18:02:09+00:00\" \/>\n<meta name=\"twitter:card\" content=\"summary_large_image\" \/>\n<meta name=\"twitter:label1\" content=\"Tempo di lettura stimato\" \/>\n\t<meta name=\"twitter:data1\" content=\"5 minuti\" \/>\n<script type=\"application\/ld+json\" class=\"yoast-schema-graph\">{\"@context\":\"https:\/\/schema.org\",\"@graph\":[{\"@type\":\"WebPage\",\"@id\":\"https:\/\/www.santosepolcro.com\/?page_id=943\",\"url\":\"https:\/\/www.santosepolcro.com\/?page_id=943\",\"name\":\"Venerabilis Equester Ordo Sacri Principatus Sancti Sepulchri\",\"isPartOf\":{\"@id\":\"https:\/\/www.santosepolcro.com\/#website\"},\"datePublished\":\"2023-11-14T09:02:37+00:00\",\"dateModified\":\"2024-10-21T18:02:09+00:00\",\"description\":\"Il\u00a0Venerabilis Equester Ordo Sacri Principatus Sancti Sepulchri, \u00e8 una Istituzione Cavalleresca magistrale erede della cavalleria monastica cistercense\",\"breadcrumb\":{\"@id\":\"https:\/\/www.santosepolcro.com\/?page_id=943#breadcrumb\"},\"inLanguage\":\"it-IT\",\"potentialAction\":[{\"@type\":\"ReadAction\",\"target\":[\"https:\/\/www.santosepolcro.com\/?page_id=943\"]}]},{\"@type\":\"BreadcrumbList\",\"@id\":\"https:\/\/www.santosepolcro.com\/?page_id=943#breadcrumb\",\"itemListElement\":[{\"@type\":\"ListItem\",\"position\":1,\"name\":\"Home\",\"item\":\"https:\/\/www.santosepolcro.com\/\"},{\"@type\":\"ListItem\",\"position\":2,\"name\":\"L&#8217;ORDINE\"}]},{\"@type\":\"WebSite\",\"@id\":\"https:\/\/www.santosepolcro.com\/#website\",\"url\":\"https:\/\/www.santosepolcro.com\/\",\"name\":\"Santo Sepolcro\",\"description\":\"Per Christum ad Lucem!\",\"publisher\":{\"@id\":\"https:\/\/www.santosepolcro.com\/#organization\"},\"potentialAction\":[{\"@type\":\"SearchAction\",\"target\":{\"@type\":\"EntryPoint\",\"urlTemplate\":\"https:\/\/www.santosepolcro.com\/?s={search_term_string}\"},\"query-input\":{\"@type\":\"PropertyValueSpecification\",\"valueRequired\":true,\"valueName\":\"search_term_string\"}}],\"inLanguage\":\"it-IT\"},{\"@type\":\"Organization\",\"@id\":\"https:\/\/www.santosepolcro.com\/#organization\",\"name\":\"V.E.O.S.P.S.S.\",\"url\":\"https:\/\/www.santosepolcro.com\/\",\"logo\":{\"@type\":\"ImageObject\",\"inLanguage\":\"it-IT\",\"@id\":\"https:\/\/www.santosepolcro.com\/#\/schema\/logo\/image\/\",\"url\":\"https:\/\/www.santosepolcro.com\/wp-content\/uploads\/2023\/11\/logo2.jpg\",\"contentUrl\":\"https:\/\/www.santosepolcro.com\/wp-content\/uploads\/2023\/11\/logo2.jpg\",\"width\":165,\"height\":196,\"caption\":\"V.E.O.S.P.S.S.\"},\"image\":{\"@id\":\"https:\/\/www.santosepolcro.com\/#\/schema\/logo\/image\/\"}}]}<\/script>\n<!-- \/ Yoast SEO plugin. -->","yoast_head_json":{"title":"Venerabilis Equester Ordo Sacri Principatus Sancti Sepulchri","description":"Il\u00a0Venerabilis Equester Ordo Sacri Principatus Sancti Sepulchri, \u00e8 una Istituzione Cavalleresca magistrale erede della cavalleria monastica cistercense","robots":{"index":"index","follow":"follow","max-snippet":"max-snippet:-1","max-image-preview":"max-image-preview:large","max-video-preview":"max-video-preview:-1"},"canonical":"https:\/\/www.santosepolcro.com\/?page_id=943","og_locale":"it_IT","og_type":"article","og_title":"Venerabilis Equester Ordo Sacri Principatus Sancti Sepulchri","og_description":"Il\u00a0Venerabilis Equester Ordo Sacri Principatus Sancti Sepulchri, \u00e8 una Istituzione Cavalleresca magistrale erede della cavalleria monastica cistercense","og_url":"https:\/\/www.santosepolcro.com\/?page_id=943","og_site_name":"Santo Sepolcro","article_modified_time":"2024-10-21T18:02:09+00:00","twitter_card":"summary_large_image","twitter_misc":{"Tempo di lettura stimato":"5 minuti"},"schema":{"@context":"https:\/\/schema.org","@graph":[{"@type":"WebPage","@id":"https:\/\/www.santosepolcro.com\/?page_id=943","url":"https:\/\/www.santosepolcro.com\/?page_id=943","name":"Venerabilis Equester Ordo Sacri Principatus Sancti Sepulchri","isPartOf":{"@id":"https:\/\/www.santosepolcro.com\/#website"},"datePublished":"2023-11-14T09:02:37+00:00","dateModified":"2024-10-21T18:02:09+00:00","description":"Il\u00a0Venerabilis Equester Ordo Sacri Principatus Sancti Sepulchri, \u00e8 una Istituzione Cavalleresca magistrale erede della cavalleria monastica cistercense","breadcrumb":{"@id":"https:\/\/www.santosepolcro.com\/?page_id=943#breadcrumb"},"inLanguage":"it-IT","potentialAction":[{"@type":"ReadAction","target":["https:\/\/www.santosepolcro.com\/?page_id=943"]}]},{"@type":"BreadcrumbList","@id":"https:\/\/www.santosepolcro.com\/?page_id=943#breadcrumb","itemListElement":[{"@type":"ListItem","position":1,"name":"Home","item":"https:\/\/www.santosepolcro.com\/"},{"@type":"ListItem","position":2,"name":"L&#8217;ORDINE"}]},{"@type":"WebSite","@id":"https:\/\/www.santosepolcro.com\/#website","url":"https:\/\/www.santosepolcro.com\/","name":"Santo Sepolcro","description":"Per Christum ad Lucem!","publisher":{"@id":"https:\/\/www.santosepolcro.com\/#organization"},"potentialAction":[{"@type":"SearchAction","target":{"@type":"EntryPoint","urlTemplate":"https:\/\/www.santosepolcro.com\/?s={search_term_string}"},"query-input":{"@type":"PropertyValueSpecification","valueRequired":true,"valueName":"search_term_string"}}],"inLanguage":"it-IT"},{"@type":"Organization","@id":"https:\/\/www.santosepolcro.com\/#organization","name":"V.E.O.S.P.S.S.","url":"https:\/\/www.santosepolcro.com\/","logo":{"@type":"ImageObject","inLanguage":"it-IT","@id":"https:\/\/www.santosepolcro.com\/#\/schema\/logo\/image\/","url":"https:\/\/www.santosepolcro.com\/wp-content\/uploads\/2023\/11\/logo2.jpg","contentUrl":"https:\/\/www.santosepolcro.com\/wp-content\/uploads\/2023\/11\/logo2.jpg","width":165,"height":196,"caption":"V.E.O.S.P.S.S."},"image":{"@id":"https:\/\/www.santosepolcro.com\/#\/schema\/logo\/image\/"}}]}},"_links":{"self":[{"href":"https:\/\/www.santosepolcro.com\/index.php?rest_route=\/wp\/v2\/pages\/943","targetHints":{"allow":["GET"]}}],"collection":[{"href":"https:\/\/www.santosepolcro.com\/index.php?rest_route=\/wp\/v2\/pages"}],"about":[{"href":"https:\/\/www.santosepolcro.com\/index.php?rest_route=\/wp\/v2\/types\/page"}],"author":[{"embeddable":true,"href":"https:\/\/www.santosepolcro.com\/index.php?rest_route=\/wp\/v2\/users\/1"}],"replies":[{"embeddable":true,"href":"https:\/\/www.santosepolcro.com\/index.php?rest_route=%2Fwp%2Fv2%2Fcomments&post=943"}],"version-history":[{"count":16,"href":"https:\/\/www.santosepolcro.com\/index.php?rest_route=\/wp\/v2\/pages\/943\/revisions"}],"predecessor-version":[{"id":3266,"href":"https:\/\/www.santosepolcro.com\/index.php?rest_route=\/wp\/v2\/pages\/943\/revisions\/3266"}],"wp:attachment":[{"href":"https:\/\/www.santosepolcro.com\/index.php?rest_route=%2Fwp%2Fv2%2Fmedia&parent=943"}],"curies":[{"name":"wp","href":"https:\/\/api.w.org\/{rel}","templated":true}]}}