{"id":3,"date":"2023-10-26T12:22:02","date_gmt":"2023-10-26T12:22:02","guid":{"rendered":"https:\/\/www.santosepolcro.com\/?page_id=3"},"modified":"2024-02-02T10:30:39","modified_gmt":"2024-02-02T09:30:39","slug":"privacy-policy","status":"publish","type":"page","link":"https:\/\/www.santosepolcro.com\/?page_id=3","title":{"rendered":"Privacy Policy"},"content":{"rendered":"<p><div class=\"fusion-fullwidth fullwidth-box fusion-builder-row-1 fusion-flex-container has-pattern-background has-mask-background fusion-parallax-fixed hundred-percent-fullwidth non-hundred-percent-height-scrolling\" style=\"--awb-border-radius-top-left:0px;--awb-border-radius-top-right:0px;--awb-border-radius-bottom-right:0px;--awb-border-radius-bottom-left:0px;--awb-min-height:200px;--awb-background-image:url(&quot;https:\/\/www.santosepolcro.com\/wp-content\/uploads\/2023\/11\/DSC_0201-Cavalieri-battaglia-Seborga.jpg&quot;);--awb-background-size:cover;--awb-flex-wrap:wrap;background-attachment:fixed;\" ><div class=\"fusion-builder-row fusion-row fusion-flex-align-items-flex-start fusion-flex-content-wrap\" style=\"width:104% !important;max-width:104% !important;margin-left: calc(-4% \/ 2 );margin-right: calc(-4% \/ 2 );\"><div class=\"fusion-layout-column fusion_builder_column fusion-builder-column-0 fusion_builder_column_1_1 1_1 fusion-flex-column\" style=\"--awb-bg-size:cover;--awb-width-large:100%;--awb-margin-top-large:0px;--awb-spacing-right-large:1.92%;--awb-margin-bottom-large:20px;--awb-spacing-left-large:1.92%;--awb-width-medium:100%;--awb-order-medium:0;--awb-spacing-right-medium:1.92%;--awb-spacing-left-medium:1.92%;--awb-width-small:100%;--awb-order-small:0;--awb-spacing-right-small:1.92%;--awb-spacing-left-small:1.92%;\"><div class=\"fusion-column-wrapper fusion-column-has-shadow fusion-flex-justify-content-flex-start fusion-content-layout-column\"><\/div><\/div><\/div><\/div><div class=\"fusion-fullwidth fullwidth-box fusion-builder-row-2 fusion-flex-container has-pattern-background has-mask-background nonhundred-percent-fullwidth non-hundred-percent-height-scrolling\" style=\"--awb-border-radius-top-left:0px;--awb-border-radius-top-right:0px;--awb-border-radius-bottom-right:0px;--awb-border-radius-bottom-left:0px;--awb-flex-wrap:wrap;\" ><div class=\"fusion-builder-row fusion-row fusion-flex-align-items-flex-start fusion-flex-content-wrap\" style=\"max-width:1248px;margin-left: calc(-4% \/ 2 );margin-right: calc(-4% \/ 2 );\"><div class=\"fusion-layout-column fusion_builder_column fusion-builder-column-1 fusion_builder_column_1_1 1_1 fusion-flex-column\" style=\"--awb-bg-size:cover;--awb-width-large:100%;--awb-margin-top-large:0px;--awb-spacing-right-large:1.92%;--awb-margin-bottom-large:0px;--awb-spacing-left-large:1.92%;--awb-width-medium:100%;--awb-spacing-right-medium:1.92%;--awb-spacing-left-medium:1.92%;--awb-width-small:100%;--awb-spacing-right-small:1.92%;--awb-spacing-left-small:1.92%;\"><div class=\"fusion-column-wrapper fusion-flex-justify-content-flex-start fusion-content-layout-column\"><div class=\"fusion-title title fusion-title-1 fusion-sep-none fusion-title-text fusion-title-size-one\"><h1 class=\"fusion-title-heading title-heading-left\" style=\"margin:0;\">Privacy e Cookie Policy<\/h1><\/div><div class=\"fusion-text fusion-text-1\"><div class=\"post-content\">\n<p><strong>Comunicazione ai clienti: Aggiornamento Privacy<\/strong><\/p>\n<p>A partire dal 25 maggio 2018 \u00e8 efficace il nuovo Regolamento Europeo n. 679\/2016 (\u201cGDPR\u201d) sulla protezione dei dati personali. In linea con il GDPR e nel rispetto del principio di trasparenza, abbiamo aggiornato la nostra informativa privacy di cui invitiamo a prendere visione di seguito:<\/p>\n<p><strong>INFORMATIVA PRIVACY<\/strong><\/p>\n<ol>\n<li><strong>Introduzione<\/strong><\/li>\n<\/ol>\n<p>V.E.O.S.P.S.S. si impegna a garantire ogni giorno la tutela dei tuoi dati personali.<\/p>\n<p>Con la presente informativa, desideriamo offrirti una visione chiara e trasparente di quali informazioni raccogliamo e trattiamo relativamente ai nostri clienti nell\u2019ambito del rapporto contrattuale, dell\u2019utilizzo del nostro sito web e delle applicazioni online installate su dispositivi.<\/p>\n<p>Nei successivi paragrafi ti illustreremo come utilizziamo i tuoi dati personali, per quali finalit\u00e0 e per quanto tempo, ricordandoti altres\u00ec come garantiamo i tuoi diritti e il rispetto delle norme in materia di protezione dei dati personali.<\/p>\n<ol start=\"2\">\n<li><strong>Chi \u00e8 il titolare del trattamento dei tuoi dati personali ?<\/strong><\/li>\n<\/ol>\n<p>V.E.O.S.P.S.S. \u2013 Via Roberto d\u2019Azeglio, 3 \u2013 12022 Busca (Cn)<\/p>\n<ol start=\"3\">\n<li><strong>Quali sono i dati di contatto del responsabile della protezione dei dati ?<\/strong><\/li>\n<\/ol>\n<p>Il Principato di Seborga ha nominato un responsabile della protezione dei dati (\u201cData Protection Officer\u201d o \u201cDPO\u201d) che sorveglia l\u2019osservanza da parte del Titolare e delle altre societ\u00e0 del Gruppo degli adempimenti prescritti dal GDPR e in generale della normativa in materia di protezione dei dati personali.<\/p>\n<p>Per esercitare i tuoi diritti, declinati nella presente informativa, il nostro DPO \u00e8 contattabile inviando una e-mail all\u2019indirizzo di posta elettronica <a href=\"mailto:santosepolcro@gmail.com\">santosepolcro@gmail.com<\/a> ovvero scrivendo a: Responsabile della protezione dei dati \u2013 Data Protection Officer (DPO) c\/o V.E.O.S.P.S.S. \u2013 Via Roberto d\u2019Azeglio, 3 \u2013 12022 Busca (Cn)<\/p>\n<ol start=\"4\">\n<li><strong>Cosa si intende per dato personale e quali dati trattiamo ?<\/strong><\/li>\n<\/ol>\n<p>\u201cDato personale\u201d significa ogni informazione idonea a identificare, direttamente o indirettamente, una persona fisica, in questo caso Tu che utilizzi i servizi offerti dal Principato di Seborga.<\/p>\n<p>Quando utilizzi il nostro sito web e le nostre app trattiamo: le informazioni richieste in fase di registrazione, i dati di navigazione, i tuoi dati di contatto, l\u2019indirizzo IP, il nome a dominio dei dispositivi da te utilizzati, l\u2019URL utilizzato, le informazioni relative al sistema operativo e all\u2019ambiente informatico da te utilizzato, la cronologia di navigazione, le coordinate geografiche dei dispositivi, nonch\u00e9 i dati da te forniti volontariamente in tale contesto per usufruire dei nostri servizi e acquistare i nostri prodotti.<\/p>\n<p>Raccogliamo, inoltre, i tuoi dati tramite cookie.<\/p>\n<p>I cookie sono piccoli file di testo che i siti visitati dagli utenti inviano ai loro terminali, dove vengono memorizzati per essere poi ritrasmessi agli stessi siti alla visita successiva.<\/p>\n<p>In ordine generale, noi utilizziamo i c.d. cookie tecnici necessari al fine di garantire all\u2019utente la migliore funzionalit\u00e0 del nostro sito web. Qualora tu desiderassi disattivare\/rifiutare l\u2019utilizzo di detti cookie, puoi in ogni momento modificare le impostazioni del browser del tuo PC.<\/p>\n<\/div>\n<p>In caso di utilizzo del modulo di contatto raccogliamo i dati inseriti in detto modulo esclusivamente per poter rispondere alla tua richiesta.<\/p>\n<div class=\"post-content\">\n<ol start=\"5\">\n<li><strong>Perch\u00e9 trattiamo i tuoi dati personali?<\/strong><\/li>\n<\/ol>\n<p>Innanzitutto, raccogliamo e trattiamo i dati personali che ti riguardano e che sono strettamente necessari per dare seguito alle tue richieste e ai servizi da te sottoscritti. In particolare:<\/p>\n<ul>\n<li>Per la stipula ed esecuzione del contratto avente a oggetto i nostri servizi, ossia per finalit\u00e0 strettamente connesse e strumentali all\u2019espletamento delle necessarie attivit\u00e0 precontrattuali (verifica del merito creditizio e solvibilit\u00e0), alla gestione del rapporto contrattuale (attivit\u00e0 amministrative e contabili, assistenza al cliente, gestione reclami, recupero del credito), all\u2019erogazione dei servizi, di volta in volta, richiesti;<\/li>\n<li>per la tutela del nostro patrimonio aziendale e la difesa dei nostri diritti sulla base del nostro legittimo interesse;<\/li>\n<li>per adempiere a obblighi di legge e richieste delle Autorit\u00e0, nonch\u00e9 per rispettare le disposizioni della normativa per la prevenzione delle frodi, dell\u2019attivit\u00e0 di riciclaggio e di finanziamento del terrorismo, ove applicabile;<\/li>\n<\/ul>\n<ol start=\"6\">\n<li><strong>A chi comunichiamo i tuoi dati?<\/strong><\/li>\n<\/ol>\n<p>Comunichiamo i tuoi dati solo ai soggetti dei quali ci avvaliamo per lo svolgimento di attivit\u00e0 necessarie per il raggiungimento delle finalit\u00e0 indicate e descritte nel precedente paragrafo 5, tra cui ad esempio:<\/p>\n<ul>\n<li>partner ed esercizi convenzionati;<\/li>\n<li>societ\u00e0 esterne che offrono servizi inerenti alla verifica del merito creditizio, della solidit\u00e0 patrimoniale, del profilo di rischio e della compliance normativa (es. antiriciclaggio);<\/li>\n<li>societ\u00e0 terze che prestano i servizi di logistica;<\/li>\n<li>societ\u00e0 che svolgono in nostro favore le attivit\u00e0 di coordinamento tecnico, assistenza e manutenzione dei sistemi informatici;<\/li>\n<li>in generale, societ\u00e0 terze che prestano assistenza in merito a questioni relative al contratto.<\/li>\n<\/ul>\n<p>I soggetti sopra menzionati sono da noi appositamente nominati responsabili del trattamento, il cui elenco pu\u00f2 essere richiesto contattando il DPO ai recapiti indicati al precedente paragrafo 3.<\/p>\n<p>Potremo altres\u00ec comunicare i tuoi dati ai soggetti cui la comunicazione sia dovuta in forza di obblighi di legge e agli istituti di credito con cui operiamo ai fini della stipula del contratto. Tali soggetti svolgono le rispettive attivit\u00e0 di trattamento in qualit\u00e0 di autonomi titolari.<\/p>\n<ol start=\"7\">\n<li><strong>Dove trasferiamo i tuoi dati?<\/strong><\/li>\n<\/ol>\n<p>Di norma non trasferiamo i tuoi dati al di fuori dell\u2019Unione Europea. In alcune determinate circostanze e per finalit\u00e0 connesse alla verifica del merito creditizio e solidit\u00e0 patrimoniale, alcuni tuoi dati possono essere trasferiti presso paesi terzi.<\/p>\n<p>In questo caso ci assicuriamo che il destinatario, che opera in qualit\u00e0 di responsabile del trattamento, rispetti le disposizioni di cui al GDPR ivi comprese le norme specificatamente dettate per il trasferimento dei dati personali verso paesi terzi. In particolare, garantiamo che detti trasferimenti avvengano sulla base di una decisione di adeguatezza o della sottoscrizione da parte del responsabile di clausole contrattuali tipo di protezione dei dati approvate dalla Commissione Europea.<\/p>\n<p>L\u2019effettivo trasferimento dei dati personali verso paesi terzi e le connesse maggiori informazioni possono essere richieste contattando il DPO ai recapiti indicati al precedente paragrafo 3.<\/p>\n<ol start=\"8\">\n<li><strong>Per quanto tempo conserviamo i tuoi dati?<\/strong><\/li>\n<\/ol>\n<p>Conserviamo i tuoi dati solo per il tempo necessario ad eseguire il trattamento per le finalit\u00e0 sopra menzionate.<\/p>\n<p>In particolare riportiamo qui di seguito i principali periodi di utilizzo e conservazione dei tuoi dati personali con riferimento alle diverse finalit\u00e0 di trattamento:<\/p>\n<ol>\n<li>a) tratteremo i tuoi dati per tutta la durata del contratto e sino a che sussistano obbligazioni o adempimenti connessi all\u2019esecuzione dello stesso. Dopo la cessazione del rapporto contrattuale li conserveremo per 11 anni per adempiere a obblighi di legge o alla difesa dei nostri diritti;<\/li>\n<li>b) con riferimento ai trattamenti per fini di marketing, svolti sulla base di un legittimo interesse, ovvero del tuo consenso, i tuoi dati saranno trattati per tutta la durata del contratto e fino a che sussistano obbligazioni o adempimenti connessi all\u2019esecuzione dello stesso, salvo opposizione al trattamento o eventuale revoca del consenso da te prestato;<\/li>\n<li>c) i tuoi dati saranno trattati per finalit\u00e0 di profilazione fino all\u2019eventuale revoca del consenso e\/o la richiesta di ottenere la cessazione del trattamento. In ogni caso, le attivit\u00e0 di profilazione prenderanno in considerazione esclusivamente i dati relativi agli ultimi 12 mesi;<\/li>\n<li>d) per l\u2019adempimento di obblighi di legge, i tuoi dati saranno trattati e conservati finch\u00e9 persista la necessit\u00e0 del trattamento per adempiere a detti obblighi di legge.<\/li>\n<\/ol>\n<ol start=\"9\">\n<li><strong>Quali sono i tuoi diritti?<\/strong><\/li>\n<\/ol>\n<ul>\n<li>Diritto di accesso \u2013 hai il diritto di ottenere la conferma circa l\u2019esistenza o meno di un trattamento concernente i tuoi dati nonch\u00e9 il diritto di ricevere ogni informazione relativa al medesimo trattamento.<\/li>\n<li>Diritto alla rettifica \u2013 hai il diritto di ottenere la rettifica dei tuoi dati, qualora gli stessi siano incompleti o inesatti.<\/li>\n<li>Diritto alla cancellazione (c.d. \u201cdiritto all\u2019oblio\u201d) \u2013 in talune circostanze, hai il diritto di ottenere la cancellazione dei tuoi dati presenti all\u2019interno dei nostri archivi qualora non rilevanti ai fini della prosecuzione del rapporto contrattuale o necessari per obbligo di legge.<\/li>\n<li>Diritto alla limitazione del trattamento \u2013 al verificarsi di talune condizioni, hai il diritto di ottenere la limitazione del trattamento, qualora non rilevante ai fini della prosecuzione del rapporto contrattuale o necessario per obbligo di legge.<\/li>\n<li>Diritto alla portabilit\u00e0 \u2013 hai il diritto di ottenere il trasferimento dei tuoi dati in favore di un diverso titolare.<\/li>\n<li>Diritto di opposizione \u2013 hai il diritto di opporsi, in qualsiasi momento per motivi connessi alla sua situazione particolare, al trattamento dei dati che ti riguardano basati sulla condizione di liceit\u00e0 del legittimo interesse o dell\u2019esecuzione di un compito di interesse pubblico o dell\u2019esercizio di pubblici poteri, compresa la profilazione.<\/li>\n<li>Diritto di revoca del consenso \u2013 hai il diritto di revocare il consenso al trattamento dei tuoi dati in qualsiasi momento, restando ferma la liceit\u00e0 del trattamento basata sul consenso prima della revoca.<\/li>\n<li>Diritto di proporre reclamo all\u2019Autorit\u00e0 di controllo \u2013 in qualsiasi momento, hai la facolt\u00e0 di promuovere le richieste per l\u2019esercizio dei tuoi diritti. In ogni caso, qualora desideri proporre un reclamo in merito alle modalit\u00e0 attraverso cui i tuoi dati sono trattati, ovvero in merito alla gestione di un reclamo da te proposto, hai il diritto di presentare un\u2019istanza direttamente all\u2019Autorit\u00e0 di controllo.<\/li>\n<\/ul>\n<p>I diritti di cui sopra potranno essere esercitati nei nostri confronti del Titolare scrivendo all\u2019indirizzo email <a href=\"mailto:santosepolcro@gmail.com\">santosepolcro@gmail.com<\/a> o contattando il DPO ai recapiti indicati al precedente paragrafo 3.<\/p>\n<p>L\u2019esercizio dei Suoi diritti in qualit\u00e0 di interessato \u00e8 gratuito ai sensi dell\u2019articolo 12, GDPR.<\/p>\n<\/div>\n<\/div><\/div><\/div><\/div><\/div><\/p>","protected":false},"excerpt":{"rendered":"","protected":false},"author":1,"featured_media":0,"parent":0,"menu_order":0,"comment_status":"closed","ping_status":"open","template":"100-width.php","meta":{"footnotes":""},"class_list":["post-3","page","type-page","status-publish","hentry"],"yoast_head":"<!-- This site is optimized with the Yoast SEO plugin v26.5 - https:\/\/yoast.com\/wordpress\/plugins\/seo\/ -->\n<title>Privacy Policy - Santo Sepolcro<\/title>\n<meta name=\"robots\" content=\"index, follow, max-snippet:-1, max-image-preview:large, max-video-preview:-1\" \/>\n<link rel=\"canonical\" href=\"https:\/\/www.santosepolcro.com\/?page_id=3\" \/>\n<meta property=\"og:locale\" content=\"it_IT\" \/>\n<meta property=\"og:type\" content=\"article\" \/>\n<meta property=\"og:title\" content=\"Privacy Policy - Santo Sepolcro\" \/>\n<meta property=\"og:url\" content=\"https:\/\/www.santosepolcro.com\/?page_id=3\" \/>\n<meta property=\"og:site_name\" content=\"Santo Sepolcro\" \/>\n<meta property=\"article:modified_time\" content=\"2024-02-02T09:30:39+00:00\" \/>\n<meta name=\"twitter:card\" content=\"summary_large_image\" \/>\n<meta name=\"twitter:label1\" content=\"Tempo di lettura stimato\" \/>\n\t<meta name=\"twitter:data1\" content=\"8 minuti\" \/>\n<script type=\"application\/ld+json\" class=\"yoast-schema-graph\">{\"@context\":\"https:\/\/schema.org\",\"@graph\":[{\"@type\":\"WebPage\",\"@id\":\"https:\/\/www.santosepolcro.com\/?page_id=3\",\"url\":\"https:\/\/www.santosepolcro.com\/?page_id=3\",\"name\":\"Privacy Policy - Santo Sepolcro\",\"isPartOf\":{\"@id\":\"https:\/\/www.santosepolcro.com\/#website\"},\"datePublished\":\"2023-10-26T12:22:02+00:00\",\"dateModified\":\"2024-02-02T09:30:39+00:00\",\"breadcrumb\":{\"@id\":\"https:\/\/www.santosepolcro.com\/?page_id=3#breadcrumb\"},\"inLanguage\":\"it-IT\",\"potentialAction\":[{\"@type\":\"ReadAction\",\"target\":[\"https:\/\/www.santosepolcro.com\/?page_id=3\"]}]},{\"@type\":\"BreadcrumbList\",\"@id\":\"https:\/\/www.santosepolcro.com\/?page_id=3#breadcrumb\",\"itemListElement\":[{\"@type\":\"ListItem\",\"position\":1,\"name\":\"Home\",\"item\":\"https:\/\/www.santosepolcro.com\/\"},{\"@type\":\"ListItem\",\"position\":2,\"name\":\"Privacy Policy\"}]},{\"@type\":\"WebSite\",\"@id\":\"https:\/\/www.santosepolcro.com\/#website\",\"url\":\"https:\/\/www.santosepolcro.com\/\",\"name\":\"Santo Sepolcro\",\"description\":\"Per Christum ad Lucem!\",\"publisher\":{\"@id\":\"https:\/\/www.santosepolcro.com\/#organization\"},\"potentialAction\":[{\"@type\":\"SearchAction\",\"target\":{\"@type\":\"EntryPoint\",\"urlTemplate\":\"https:\/\/www.santosepolcro.com\/?s={search_term_string}\"},\"query-input\":{\"@type\":\"PropertyValueSpecification\",\"valueRequired\":true,\"valueName\":\"search_term_string\"}}],\"inLanguage\":\"it-IT\"},{\"@type\":\"Organization\",\"@id\":\"https:\/\/www.santosepolcro.com\/#organization\",\"name\":\"V.E.O.S.P.S.S.\",\"url\":\"https:\/\/www.santosepolcro.com\/\",\"logo\":{\"@type\":\"ImageObject\",\"inLanguage\":\"it-IT\",\"@id\":\"https:\/\/www.santosepolcro.com\/#\/schema\/logo\/image\/\",\"url\":\"https:\/\/www.santosepolcro.com\/wp-content\/uploads\/2023\/11\/logo2.jpg\",\"contentUrl\":\"https:\/\/www.santosepolcro.com\/wp-content\/uploads\/2023\/11\/logo2.jpg\",\"width\":165,\"height\":196,\"caption\":\"V.E.O.S.P.S.S.\"},\"image\":{\"@id\":\"https:\/\/www.santosepolcro.com\/#\/schema\/logo\/image\/\"}}]}<\/script>\n<!-- \/ Yoast SEO plugin. -->","yoast_head_json":{"title":"Privacy Policy - Santo Sepolcro","robots":{"index":"index","follow":"follow","max-snippet":"max-snippet:-1","max-image-preview":"max-image-preview:large","max-video-preview":"max-video-preview:-1"},"canonical":"https:\/\/www.santosepolcro.com\/?page_id=3","og_locale":"it_IT","og_type":"article","og_title":"Privacy Policy - Santo Sepolcro","og_url":"https:\/\/www.santosepolcro.com\/?page_id=3","og_site_name":"Santo Sepolcro","article_modified_time":"2024-02-02T09:30:39+00:00","twitter_card":"summary_large_image","twitter_misc":{"Tempo di lettura stimato":"8 minuti"},"schema":{"@context":"https:\/\/schema.org","@graph":[{"@type":"WebPage","@id":"https:\/\/www.santosepolcro.com\/?page_id=3","url":"https:\/\/www.santosepolcro.com\/?page_id=3","name":"Privacy Policy - Santo Sepolcro","isPartOf":{"@id":"https:\/\/www.santosepolcro.com\/#website"},"datePublished":"2023-10-26T12:22:02+00:00","dateModified":"2024-02-02T09:30:39+00:00","breadcrumb":{"@id":"https:\/\/www.santosepolcro.com\/?page_id=3#breadcrumb"},"inLanguage":"it-IT","potentialAction":[{"@type":"ReadAction","target":["https:\/\/www.santosepolcro.com\/?page_id=3"]}]},{"@type":"BreadcrumbList","@id":"https:\/\/www.santosepolcro.com\/?page_id=3#breadcrumb","itemListElement":[{"@type":"ListItem","position":1,"name":"Home","item":"https:\/\/www.santosepolcro.com\/"},{"@type":"ListItem","position":2,"name":"Privacy Policy"}]},{"@type":"WebSite","@id":"https:\/\/www.santosepolcro.com\/#website","url":"https:\/\/www.santosepolcro.com\/","name":"Santo Sepolcro","description":"Per Christum ad Lucem!","publisher":{"@id":"https:\/\/www.santosepolcro.com\/#organization"},"potentialAction":[{"@type":"SearchAction","target":{"@type":"EntryPoint","urlTemplate":"https:\/\/www.santosepolcro.com\/?s={search_term_string}"},"query-input":{"@type":"PropertyValueSpecification","valueRequired":true,"valueName":"search_term_string"}}],"inLanguage":"it-IT"},{"@type":"Organization","@id":"https:\/\/www.santosepolcro.com\/#organization","name":"V.E.O.S.P.S.S.","url":"https:\/\/www.santosepolcro.com\/","logo":{"@type":"ImageObject","inLanguage":"it-IT","@id":"https:\/\/www.santosepolcro.com\/#\/schema\/logo\/image\/","url":"https:\/\/www.santosepolcro.com\/wp-content\/uploads\/2023\/11\/logo2.jpg","contentUrl":"https:\/\/www.santosepolcro.com\/wp-content\/uploads\/2023\/11\/logo2.jpg","width":165,"height":196,"caption":"V.E.O.S.P.S.S."},"image":{"@id":"https:\/\/www.santosepolcro.com\/#\/schema\/logo\/image\/"}}]}},"_links":{"self":[{"href":"https:\/\/www.santosepolcro.com\/index.php?rest_route=\/wp\/v2\/pages\/3","targetHints":{"allow":["GET"]}}],"collection":[{"href":"https:\/\/www.santosepolcro.com\/index.php?rest_route=\/wp\/v2\/pages"}],"about":[{"href":"https:\/\/www.santosepolcro.com\/index.php?rest_route=\/wp\/v2\/types\/page"}],"author":[{"embeddable":true,"href":"https:\/\/www.santosepolcro.com\/index.php?rest_route=\/wp\/v2\/users\/1"}],"replies":[{"embeddable":true,"href":"https:\/\/www.santosepolcro.com\/index.php?rest_route=%2Fwp%2Fv2%2Fcomments&post=3"}],"version-history":[{"count":3,"href":"https:\/\/www.santosepolcro.com\/index.php?rest_route=\/wp\/v2\/pages\/3\/revisions"}],"predecessor-version":[{"id":3611,"href":"https:\/\/www.santosepolcro.com\/index.php?rest_route=\/wp\/v2\/pages\/3\/revisions\/3611"}],"wp:attachment":[{"href":"https:\/\/www.santosepolcro.com\/index.php?rest_route=%2Fwp%2Fv2%2Fmedia&parent=3"}],"curies":[{"name":"wp","href":"https:\/\/api.w.org\/{rel}","templated":true}]}}